{"id":1188289,"date":"2026-02-16T14:28:38","date_gmt":"2026-02-16T13:28:38","guid":{"rendered":"https:\/\/www.foodie.nl\/?post_type=product&#038;p=1188289"},"modified":"2026-02-16T14:29:55","modified_gmt":"2026-02-16T13:29:55","slug":"ultimate-electrolytes-fruits-des-bois-kopie-2","status":"publish","type":"product","link":"https:\/\/www.foodie.nl\/fr\/produit\/ultimate-electrolytes-fruits-des-bois-kopie-2\/","title":{"rendered":"Ultimate Electrolytes Fruits des Bois (kopie)"},"content":{"rendered":"<p class=\"\" data-start=\"108\" data-end=\"577\"><strong data-start=\"108\" data-end=\"160\">Valeurs nutritionnelles moyennes par dose (7 g):<br \/>\n<\/strong><br data-start=\"160\" data-end=\"163\" \/>\u00c9nergie: 14,5 kJ \/ 3,4 kcal<br data-start=\"190\" data-end=\"193\" \/>Mati\u00e8res grasses: 0 g<br data-start=\"214\" data-end=\"217\" \/>Glucides: 2,38 g<br data-start=\"233\" data-end=\"236\" \/>\u2003dont sucres: 0,09 g<br data-start=\"256\" data-end=\"259\" \/>Prot\u00e9ines: 0 g<br data-start=\"273\" data-end=\"276\" \/>Sel (marin celtique): 1,56 g<br data-start=\"304\" data-end=\"307\" \/>Sodium: 610 mg<br data-start=\"321\" data-end=\"324\" \/>Potassium: 208 mg<br data-start=\"341\" data-end=\"344\" \/>Magn\u00e9sium: 124 mg<br data-start=\"361\" data-end=\"364\" \/>Calcium: 77,5 mg<br data-start=\"380\" data-end=\"383\" \/>Zinc: 5 mg<br data-start=\"393\" data-end=\"396\" \/>Vitamine B2: 1 mg<br data-start=\"413\" data-end=\"416\" \/>Vitamine B3: 5,3 mg<br data-start=\"435\" data-end=\"438\" \/>Vitamine B5: 2,6 mg<br data-start=\"457\" data-end=\"460\" \/>Vitamine B6: 0,1 mg<br data-start=\"479\" data-end=\"482\" \/>Vitamine B9: 0,7 \u00b5g<br data-start=\"501\" data-end=\"504\" \/>Vitamine B12: 0,2 \u00b5g<br data-start=\"524\" data-end=\"527\" \/>Vitamine C: 50 mg<br data-start=\"544\" data-end=\"547\" \/>Poudre d\u2019eau de coco: 500 mg<\/p>\n<p class=\"\" data-start=\"579\" data-end=\"613\">Ce contenant renferme 45 portions.<\/p>\n<p class=\"\" data-start=\"615\" data-end=\"1115\"><strong data-start=\"615\" data-end=\"631\">Ingr\u00e9dients:<\/strong><br data-start=\"631\" data-end=\"634\" \/>\u00c9rythritol, sel, sel marin celtique, citrate de magn\u00e9sium, tricitrate de potassium, tricitrate de calcium, poudre d\u2019eau de coco, acide malique, acide citrique, ar\u00f4me naturel de fruits des bois, concentr\u00e9 de jus de betterave rouge, vitamine C (extrait d\u2019acerola, <em data-start=\"896\" data-end=\"917\">Malpighia glabra L.<\/em>), st\u00e9via, bisglycinate de zinc, m\u00e9lange de min\u00e9raux, riboflavine (B2), nicotinamide (B3), D-pantoth\u00e9nate de calcium (B5), chlorhydrate de pyridoxine (B6), acide folique (B9), cyanocobalamine (B12).<\/p>\n<p class=\"\" data-start=\"1117\" data-end=\"1219\"><strong data-start=\"1117\" data-end=\"1144\">Conseils d\u2019utilisation:<\/strong><br data-start=\"1144\" data-end=\"1147\" \/>Remplir une dosette (jusqu\u2019\u00e0 7 ml) et dissoudre dans 350 \u00e0 500 ml d\u2019eau.<\/p>\n<p class=\"\" data-start=\"1221\" data-end=\"1336\"><strong data-start=\"1221\" data-end=\"1250\">Conseils de conservation:<\/strong><br data-start=\"1250\" data-end=\"1253\" \/>\u00c0 conserver au frais et au sec dans un emballage ou contenant herm\u00e9tiquement ferm\u00e9.<\/p>\n<p class=\"\" data-start=\"1338\" data-end=\"1639\"><strong data-start=\"1338\" data-end=\"1352\">Attention:<\/strong><br data-start=\"1352\" data-end=\"1355\" \/>Ce produit n\u2019est pas un m\u00e9dicament et n\u2019est pas destin\u00e9 \u00e0 diagnostiquer, pr\u00e9venir, traiter ou gu\u00e9rir une maladie ou affection. Un compl\u00e9ment alimentaire ne peut se substituer \u00e0 une alimentation vari\u00e9e. Ne pas d\u00e9passer la dose journali\u00e8re recommand\u00e9e. Tenir hors de port\u00e9e des enfants.<\/p>\n<p><strong>\u00a0<\/strong><\/p>\n","protected":false},"excerpt":{"rendered":"<p class=\"\" data-start=\"60\" data-end=\"514\">Ultimate Electrolytes au go\u00fbt fruits des bois est un m\u00e9lange puissant et naturel d\u2019\u00e9lectrolytes, enrichi en sel marin celtique, poudre d\u2019eau de coco, vitamine C issue de cerises d\u2019acerola, ainsi qu\u2019un complexe complet de vitamines B (B2, B3, B5, B6, B9, B12). Cette formule avanc\u00e9e soutient une hydratation optimale, les niveaux d\u2019\u00e9nergie, la fonction musculaire, la concentration mentale et la r\u00e9cup\u00e9ration.<\/p>\n<p class=\"\" data-start=\"516\" data-end=\"765\">Nous avons d\u00e9lib\u00e9r\u00e9ment choisi un rapport sodium\/potassium d\u2019environ 3:1, id\u00e9al pour les sportifs et adapt\u00e9 \u00e0 une utilisation quotidienne, afin de favoriser une hydratation optimale, un \u00e9quilibre \u00e9lectrolytique sain et une bonne activit\u00e9 cellulaire.<\/p>\n<p class=\"\" data-start=\"767\" data-end=\"885\">Ces bienfaits sont dus \u00e0 la pr\u00e9sence de min\u00e9raux essentiels: sodium, magn\u00e9sium, calcium, potassium, zinc et chlorure.<\/p>\n","protected":false},"featured_media":1155666,"template":"","meta":{"_acf_changed":false,"om_disable_all_campaigns":false},"product_brand":[],"product_cat":[193],"product_tag":[],"class_list":{"0":"post-1188289","1":"product","2":"type-product","3":"status-publish","4":"has-post-thumbnail","6":"product_cat-ultimate-electrolytes","7":"sales-flash-overlay","8":"woocommerce-text-align-center","9":"woocommerce-image-align-center","10":"do-quantity-buttons","12":"first","13":"instock","14":"sale","15":"taxable","16":"shipping-taxable","17":"purchasable","18":"product-type-simple"},"acf":[],"yoast_head":"<!-- This site is optimized with the Yoast SEO plugin v27.2 - https:\/\/yoast.com\/product\/yoast-seo-wordpress\/ -->\n<title>Ultimate Electrolytes Fruits des Bois (kopie) - Foodie<\/title>\n<meta name=\"description\" content=\"Ultimate Electrolytes au go\u00fbt fruits des bois est un m\u00e9lange puissant et naturel d\u2019\u00e9lectrolytes, enrichi en sel marin celtique, poudre d\u2019eau de coco, vitamine C issue de cerises d\u2019acerola, ainsi qu\u2019un complexe complet de vitamines B (B2, B3, B5, B6, B9, B12). Cette formule avanc\u00e9e soutient une hydratation optimale, les niveaux d\u2019\u00e9nergie, la fonction musculaire, la concentration mentale et la r\u00e9cup\u00e9ration. Nous avons d\u00e9lib\u00e9r\u00e9ment choisi un rapport sodium\/potassium d\u2019environ 3:1, id\u00e9al pour les sportifs et adapt\u00e9 \u00e0 une utilisation quotidienne, afin de favoriser une hydratation optimale, un \u00e9quilibre \u00e9lectrolytique sain et une bonne activit\u00e9 cellulaire. Ces bienfaits sont dus \u00e0 la pr\u00e9sence de min\u00e9raux essentiels: sodium, magn\u00e9sium, calcium, potassium, zinc et chlorure.\" \/>\n<meta name=\"robots\" content=\"index, follow, max-snippet:-1, max-image-preview:large, max-video-preview:-1\" \/>\n<link rel=\"canonical\" href=\"https:\/\/www.foodie.nl\/fr\/produit\/ultimate-electrolytes-fruits-des-bois-kopie-2\/\" \/>\n<meta property=\"og:locale\" content=\"fr_FR\" \/>\n<meta property=\"og:type\" content=\"article\" \/>\n<meta property=\"og:title\" content=\"Ultimate Electrolytes Fruits des Bois (kopie) - Foodie\" \/>\n<meta property=\"og:description\" content=\"Ultimate Electrolytes au go\u00fbt fruits des bois est un m\u00e9lange puissant et naturel d\u2019\u00e9lectrolytes, enrichi en sel marin celtique, poudre d\u2019eau de coco, vitamine C issue de cerises d\u2019acerola, ainsi qu\u2019un complexe complet de vitamines B (B2, B3, B5, B6, B9, B12). Cette formule avanc\u00e9e soutient une hydratation optimale, les niveaux d\u2019\u00e9nergie, la fonction musculaire, la concentration mentale et la r\u00e9cup\u00e9ration. Nous avons d\u00e9lib\u00e9r\u00e9ment choisi un rapport sodium\/potassium d\u2019environ 3:1, id\u00e9al pour les sportifs et adapt\u00e9 \u00e0 une utilisation quotidienne, afin de favoriser une hydratation optimale, un \u00e9quilibre \u00e9lectrolytique sain et une bonne activit\u00e9 cellulaire. Ces bienfaits sont dus \u00e0 la pr\u00e9sence de min\u00e9raux essentiels: sodium, magn\u00e9sium, calcium, potassium, zinc et chlorure.\" \/>\n<meta property=\"og:url\" content=\"https:\/\/www.foodie.nl\/fr\/produit\/ultimate-electrolytes-fruits-des-bois-kopie-2\/\" \/>\n<meta property=\"og:site_name\" content=\"Foodie\" \/>\n<meta property=\"article:modified_time\" content=\"2026-02-16T13:29:55+00:00\" \/>\n<meta property=\"og:image\" content=\"https:\/\/www.foodie.nl\/app\/uploads\/2025\/04\/Product-met-extra-44.png\" \/>\n\t<meta property=\"og:image:width\" content=\"1200\" \/>\n\t<meta property=\"og:image:height\" content=\"1200\" \/>\n\t<meta property=\"og:image:type\" content=\"image\/png\" \/>\n<meta name=\"twitter:card\" content=\"summary_large_image\" \/>\n<meta name=\"twitter:label1\" content=\"Dur\u00e9e de lecture estim\u00e9e\" \/>\n\t<meta name=\"twitter:data1\" content=\"2 minutes\" \/>\n<script type=\"application\/ld+json\" class=\"yoast-schema-graph\">{\"@context\":\"https:\/\/schema.org\",\"@graph\":[{\"@type\":\"WebPage\",\"@id\":\"https:\/\/www.foodie.nl\/fr\/produit\/ultimate-electrolytes-fruits-des-bois-kopie-2\/\",\"url\":\"https:\/\/www.foodie.nl\/fr\/produit\/ultimate-electrolytes-fruits-des-bois-kopie-2\/\",\"name\":\"Ultimate Electrolytes Fruits des Bois (kopie) - Foodie\",\"isPartOf\":{\"@id\":\"https:\/\/www.foodie.nl\/fr\/#website\"},\"primaryImageOfPage\":{\"@id\":\"https:\/\/www.foodie.nl\/fr\/produit\/ultimate-electrolytes-fruits-des-bois-kopie-2\/#primaryimage\"},\"image\":{\"@id\":\"https:\/\/www.foodie.nl\/fr\/produit\/ultimate-electrolytes-fruits-des-bois-kopie-2\/#primaryimage\"},\"thumbnailUrl\":\"https:\/\/www.foodie.nl\/app\/uploads\/2025\/04\/Product-met-extra-44.png\",\"datePublished\":\"2026-02-16T13:28:38+00:00\",\"dateModified\":\"2026-02-16T13:29:55+00:00\",\"description\":\"Ultimate Electrolytes au go\u00fbt fruits des bois est un m\u00e9lange puissant et naturel d\u2019\u00e9lectrolytes, enrichi en sel marin celtique, poudre d\u2019eau de coco, vitamine C issue de cerises d\u2019acerola, ainsi qu\u2019un complexe complet de vitamines B (B2, B3, B5, B6, B9, B12). Cette formule avanc\u00e9e soutient une hydratation optimale, les niveaux d\u2019\u00e9nergie, la fonction musculaire, la concentration mentale et la r\u00e9cup\u00e9ration. Nous avons d\u00e9lib\u00e9r\u00e9ment choisi un rapport sodium\/potassium d\u2019environ 3:1, id\u00e9al pour les sportifs et adapt\u00e9 \u00e0 une utilisation quotidienne, afin de favoriser une hydratation optimale, un \u00e9quilibre \u00e9lectrolytique sain et une bonne activit\u00e9 cellulaire. Ces bienfaits sont dus \u00e0 la pr\u00e9sence de min\u00e9raux essentiels: sodium, magn\u00e9sium, calcium, potassium, zinc et chlorure.\",\"breadcrumb\":{\"@id\":\"https:\/\/www.foodie.nl\/fr\/produit\/ultimate-electrolytes-fruits-des-bois-kopie-2\/#breadcrumb\"},\"inLanguage\":\"fr-FR\",\"potentialAction\":[{\"@type\":\"ReadAction\",\"target\":[\"https:\/\/www.foodie.nl\/fr\/produit\/ultimate-electrolytes-fruits-des-bois-kopie-2\/\"]}]},{\"@type\":\"ImageObject\",\"inLanguage\":\"fr-FR\",\"@id\":\"https:\/\/www.foodie.nl\/fr\/produit\/ultimate-electrolytes-fruits-des-bois-kopie-2\/#primaryimage\",\"url\":\"https:\/\/www.foodie.nl\/app\/uploads\/2025\/04\/Product-met-extra-44.png\",\"contentUrl\":\"https:\/\/www.foodie.nl\/app\/uploads\/2025\/04\/Product-met-extra-44.png\",\"width\":1200,\"height\":1200},{\"@type\":\"BreadcrumbList\",\"@id\":\"https:\/\/www.foodie.nl\/fr\/produit\/ultimate-electrolytes-fruits-des-bois-kopie-2\/#breadcrumb\",\"itemListElement\":[{\"@type\":\"ListItem\",\"position\":1,\"name\":\"Home\",\"item\":\"https:\/\/www.foodie.nl\/fr\/\"},{\"@type\":\"ListItem\",\"position\":2,\"name\":\"Produits\",\"item\":\"https:\/\/www.foodie.nl\/fr\/shop\/\"},{\"@type\":\"ListItem\",\"position\":3,\"name\":\"Ultimate Electrolytes Fruits des Bois (kopie)\"}]},{\"@type\":\"WebSite\",\"@id\":\"https:\/\/www.foodie.nl\/fr\/#website\",\"url\":\"https:\/\/www.foodie.nl\/fr\/\",\"name\":\"Foodie\",\"description\":\"Elke Hap Telt\",\"publisher\":{\"@id\":\"https:\/\/www.foodie.nl\/fr\/#organization\"},\"potentialAction\":[{\"@type\":\"SearchAction\",\"target\":{\"@type\":\"EntryPoint\",\"urlTemplate\":\"https:\/\/www.foodie.nl\/fr\/?s={search_term_string}\"},\"query-input\":{\"@type\":\"PropertyValueSpecification\",\"valueRequired\":true,\"valueName\":\"search_term_string\"}}],\"inLanguage\":\"fr-FR\"},{\"@type\":\"Organization\",\"@id\":\"https:\/\/www.foodie.nl\/fr\/#organization\",\"name\":\"Foodie\",\"url\":\"https:\/\/www.foodie.nl\/fr\/\",\"logo\":{\"@type\":\"ImageObject\",\"inLanguage\":\"fr-FR\",\"@id\":\"https:\/\/www.foodie.nl\/fr\/#\/schema\/logo\/image\/\",\"url\":\"https:\/\/www.foodie.nl\/app\/uploads\/2025\/01\/logo-foodie-wide@2x.png\",\"contentUrl\":\"https:\/\/www.foodie.nl\/app\/uploads\/2025\/01\/logo-foodie-wide@2x.png\",\"width\":236,\"height\":128,\"caption\":\"Foodie\"},\"image\":{\"@id\":\"https:\/\/www.foodie.nl\/fr\/#\/schema\/logo\/image\/\"}}]}<\/script>\n<!-- \/ Yoast SEO plugin. -->","yoast_head_json":{"title":"Ultimate Electrolytes Fruits des Bois (kopie) - Foodie","description":"Ultimate Electrolytes au go\u00fbt fruits des bois est un m\u00e9lange puissant et naturel d\u2019\u00e9lectrolytes, enrichi en sel marin celtique, poudre d\u2019eau de coco, vitamine C issue de cerises d\u2019acerola, ainsi qu\u2019un complexe complet de vitamines B (B2, B3, B5, B6, B9, B12). Cette formule avanc\u00e9e soutient une hydratation optimale, les niveaux d\u2019\u00e9nergie, la fonction musculaire, la concentration mentale et la r\u00e9cup\u00e9ration. Nous avons d\u00e9lib\u00e9r\u00e9ment choisi un rapport sodium\/potassium d\u2019environ 3:1, id\u00e9al pour les sportifs et adapt\u00e9 \u00e0 une utilisation quotidienne, afin de favoriser une hydratation optimale, un \u00e9quilibre \u00e9lectrolytique sain et une bonne activit\u00e9 cellulaire. Ces bienfaits sont dus \u00e0 la pr\u00e9sence de min\u00e9raux essentiels: sodium, magn\u00e9sium, calcium, potassium, zinc et chlorure.","robots":{"index":"index","follow":"follow","max-snippet":"max-snippet:-1","max-image-preview":"max-image-preview:large","max-video-preview":"max-video-preview:-1"},"canonical":"https:\/\/www.foodie.nl\/fr\/produit\/ultimate-electrolytes-fruits-des-bois-kopie-2\/","og_locale":"fr_FR","og_type":"article","og_title":"Ultimate Electrolytes Fruits des Bois (kopie) - Foodie","og_description":"Ultimate Electrolytes au go\u00fbt fruits des bois est un m\u00e9lange puissant et naturel d\u2019\u00e9lectrolytes, enrichi en sel marin celtique, poudre d\u2019eau de coco, vitamine C issue de cerises d\u2019acerola, ainsi qu\u2019un complexe complet de vitamines B (B2, B3, B5, B6, B9, B12). Cette formule avanc\u00e9e soutient une hydratation optimale, les niveaux d\u2019\u00e9nergie, la fonction musculaire, la concentration mentale et la r\u00e9cup\u00e9ration. Nous avons d\u00e9lib\u00e9r\u00e9ment choisi un rapport sodium\/potassium d\u2019environ 3:1, id\u00e9al pour les sportifs et adapt\u00e9 \u00e0 une utilisation quotidienne, afin de favoriser une hydratation optimale, un \u00e9quilibre \u00e9lectrolytique sain et une bonne activit\u00e9 cellulaire. Ces bienfaits sont dus \u00e0 la pr\u00e9sence de min\u00e9raux essentiels: sodium, magn\u00e9sium, calcium, potassium, zinc et chlorure.","og_url":"https:\/\/www.foodie.nl\/fr\/produit\/ultimate-electrolytes-fruits-des-bois-kopie-2\/","og_site_name":"Foodie","article_modified_time":"2026-02-16T13:29:55+00:00","og_image":[{"width":1200,"height":1200,"url":"https:\/\/www.foodie.nl\/app\/uploads\/2025\/04\/Product-met-extra-44.png","type":"image\/png"}],"twitter_card":"summary_large_image","twitter_misc":{"Dur\u00e9e de lecture estim\u00e9e":"2 minutes"},"schema":{"@context":"https:\/\/schema.org","@graph":[{"@type":"WebPage","@id":"https:\/\/www.foodie.nl\/fr\/produit\/ultimate-electrolytes-fruits-des-bois-kopie-2\/","url":"https:\/\/www.foodie.nl\/fr\/produit\/ultimate-electrolytes-fruits-des-bois-kopie-2\/","name":"Ultimate Electrolytes Fruits des Bois (kopie) - Foodie","isPartOf":{"@id":"https:\/\/www.foodie.nl\/fr\/#website"},"primaryImageOfPage":{"@id":"https:\/\/www.foodie.nl\/fr\/produit\/ultimate-electrolytes-fruits-des-bois-kopie-2\/#primaryimage"},"image":{"@id":"https:\/\/www.foodie.nl\/fr\/produit\/ultimate-electrolytes-fruits-des-bois-kopie-2\/#primaryimage"},"thumbnailUrl":"https:\/\/www.foodie.nl\/app\/uploads\/2025\/04\/Product-met-extra-44.png","datePublished":"2026-02-16T13:28:38+00:00","dateModified":"2026-02-16T13:29:55+00:00","description":"Ultimate Electrolytes au go\u00fbt fruits des bois est un m\u00e9lange puissant et naturel d\u2019\u00e9lectrolytes, enrichi en sel marin celtique, poudre d\u2019eau de coco, vitamine C issue de cerises d\u2019acerola, ainsi qu\u2019un complexe complet de vitamines B (B2, B3, B5, B6, B9, B12). Cette formule avanc\u00e9e soutient une hydratation optimale, les niveaux d\u2019\u00e9nergie, la fonction musculaire, la concentration mentale et la r\u00e9cup\u00e9ration. Nous avons d\u00e9lib\u00e9r\u00e9ment choisi un rapport sodium\/potassium d\u2019environ 3:1, id\u00e9al pour les sportifs et adapt\u00e9 \u00e0 une utilisation quotidienne, afin de favoriser une hydratation optimale, un \u00e9quilibre \u00e9lectrolytique sain et une bonne activit\u00e9 cellulaire. Ces bienfaits sont dus \u00e0 la pr\u00e9sence de min\u00e9raux essentiels: sodium, magn\u00e9sium, calcium, potassium, zinc et chlorure.","breadcrumb":{"@id":"https:\/\/www.foodie.nl\/fr\/produit\/ultimate-electrolytes-fruits-des-bois-kopie-2\/#breadcrumb"},"inLanguage":"fr-FR","potentialAction":[{"@type":"ReadAction","target":["https:\/\/www.foodie.nl\/fr\/produit\/ultimate-electrolytes-fruits-des-bois-kopie-2\/"]}]},{"@type":"ImageObject","inLanguage":"fr-FR","@id":"https:\/\/www.foodie.nl\/fr\/produit\/ultimate-electrolytes-fruits-des-bois-kopie-2\/#primaryimage","url":"https:\/\/www.foodie.nl\/app\/uploads\/2025\/04\/Product-met-extra-44.png","contentUrl":"https:\/\/www.foodie.nl\/app\/uploads\/2025\/04\/Product-met-extra-44.png","width":1200,"height":1200},{"@type":"BreadcrumbList","@id":"https:\/\/www.foodie.nl\/fr\/produit\/ultimate-electrolytes-fruits-des-bois-kopie-2\/#breadcrumb","itemListElement":[{"@type":"ListItem","position":1,"name":"Home","item":"https:\/\/www.foodie.nl\/fr\/"},{"@type":"ListItem","position":2,"name":"Produits","item":"https:\/\/www.foodie.nl\/fr\/shop\/"},{"@type":"ListItem","position":3,"name":"Ultimate Electrolytes Fruits des Bois (kopie)"}]},{"@type":"WebSite","@id":"https:\/\/www.foodie.nl\/fr\/#website","url":"https:\/\/www.foodie.nl\/fr\/","name":"Foodie","description":"Elke Hap Telt","publisher":{"@id":"https:\/\/www.foodie.nl\/fr\/#organization"},"potentialAction":[{"@type":"SearchAction","target":{"@type":"EntryPoint","urlTemplate":"https:\/\/www.foodie.nl\/fr\/?s={search_term_string}"},"query-input":{"@type":"PropertyValueSpecification","valueRequired":true,"valueName":"search_term_string"}}],"inLanguage":"fr-FR"},{"@type":"Organization","@id":"https:\/\/www.foodie.nl\/fr\/#organization","name":"Foodie","url":"https:\/\/www.foodie.nl\/fr\/","logo":{"@type":"ImageObject","inLanguage":"fr-FR","@id":"https:\/\/www.foodie.nl\/fr\/#\/schema\/logo\/image\/","url":"https:\/\/www.foodie.nl\/app\/uploads\/2025\/01\/logo-foodie-wide@2x.png","contentUrl":"https:\/\/www.foodie.nl\/app\/uploads\/2025\/01\/logo-foodie-wide@2x.png","width":236,"height":128,"caption":"Foodie"},"image":{"@id":"https:\/\/www.foodie.nl\/fr\/#\/schema\/logo\/image\/"}}]}},"_links":{"self":[{"href":"https:\/\/www.foodie.nl\/fr\/wp-json\/wp\/v2\/product\/1188289","targetHints":{"allow":["GET"]}}],"collection":[{"href":"https:\/\/www.foodie.nl\/fr\/wp-json\/wp\/v2\/product"}],"about":[{"href":"https:\/\/www.foodie.nl\/fr\/wp-json\/wp\/v2\/types\/product"}],"wp:featuredmedia":[{"embeddable":true,"href":"https:\/\/www.foodie.nl\/fr\/wp-json\/wp\/v2\/media\/1155666"}],"wp:attachment":[{"href":"https:\/\/www.foodie.nl\/fr\/wp-json\/wp\/v2\/media?parent=1188289"}],"wp:term":[{"taxonomy":"product_brand","embeddable":true,"href":"https:\/\/www.foodie.nl\/fr\/wp-json\/wp\/v2\/product_brand?post=1188289"},{"taxonomy":"product_cat","embeddable":true,"href":"https:\/\/www.foodie.nl\/fr\/wp-json\/wp\/v2\/product_cat?post=1188289"},{"taxonomy":"product_tag","embeddable":true,"href":"https:\/\/www.foodie.nl\/fr\/wp-json\/wp\/v2\/product_tag?post=1188289"}],"curies":[{"name":"wp","href":"https:\/\/api.w.org\/{rel}","templated":true}]}}