{"id":1188835,"date":"2026-02-23T15:12:07","date_gmt":"2026-02-23T14:12:07","guid":{"rendered":"https:\/\/www.foodie.nl\/?post_type=product&#038;p=1188835"},"modified":"2026-02-23T15:12:45","modified_gmt":"2026-02-23T14:12:45","slug":"collagen-plus-vanille-kopie-kopie","status":"publish","type":"product","link":"https:\/\/www.foodie.nl\/fr\/produit\/collagen-plus-vanille-kopie-kopie\/","title":{"rendered":"Collagen Plus Vanille (kopie) (kopie)"},"content":{"rendered":"<p><strong>Valeur nutritionnelle moyenne par portion (10 g):<\/strong><\/p>\n<ul>\n<li>\u00c9nergie: 190,7 KJ \/ 45,2 kcal<\/li>\n<li>Mati\u00e8res grasses: 2,3 g<\/li>\n<li>Glucides: 0,3 g<\/li>\n<li>Fibres alimentaires: 0,8 g<\/li>\n<li>Prot\u00e9ines: 5,5 g<\/li>\n<li>Sodium: 0,03 g<\/li>\n<li>Vitamine C: 80 mg<\/li>\n<\/ul>\n<p><strong style=\"font-size: inherit; font-family: -apple-system, system-ui, BlinkMacSystemFont, 'Segoe UI', Helvetica, Arial, sans-serif, 'Apple Color Emoji', 'Segoe UI Emoji', 'Segoe UI Symbol';\">Ingr\u00e9dients:<\/strong><span style=\"font-size: inherit; font-family: -apple-system, system-ui, BlinkMacSystemFont, 'Segoe UI', Helvetica, Arial, sans-serif, 'Apple Color Emoji', 'Segoe UI Emoji', 'Segoe UI Symbol';\"> collag\u00e8ne bovin hydrolys\u00e9 type I &amp; III, MCT provenant de l&rsquo;huile de coco, vitamine C (extrait d\u2019ac\u00e9rola), st\u00e9via et ar\u00f4me naturel. <\/span><strong>Posologie:<\/strong> m\u00e9langez environ 10 grammes de Collagen Plus chaque jour dans votre boisson froide ou chaude pr\u00e9f\u00e9r\u00e9e. Ceci correspond \u00e0 une mesure remplie jusqu\u2019\u00e0 la marque des 25 ml par jour. <strong>Conservation:<\/strong> conserver au frais et au sec.\u00a0<strong>Allerg\u00e8nes:<\/strong> ce produit ne contient aucun allerg\u00e8ne.\u00a0<strong>Avertissement:<\/strong>\u00a0ce produit n\u2019est pas un m\u00e9dicament et n\u2019est pas destin\u00e9 \u00e0 diagnostiquer, pr\u00e9venir, traiter ou gu\u00e9rir une maladie ou une affection. Un compl\u00e9ment alimentaire ne doit pas \u00eatre utilis\u00e9 en remplacement d\u2019une alimentation vari\u00e9e. Ne pas d\u00e9passer la dose journali\u00e8re recommand\u00e9e. Conserver hors de port\u00e9e des enfants.<\/p>\n<p>&nbsp;<\/p>\n","protected":false},"excerpt":{"rendered":"<p>Collagen Plus est un produit con\u00e7u pour soutenir et faciliter un mode de vie sain (pauvre en glucides). Il fournit une \u00e9nergie instantan\u00e9e gr\u00e2ce aux acides gras MCT, contient des prot\u00e9ines de collag\u00e8ne de haute qualit\u00e9 pour la r\u00e9paration et la croissance musculaire, et contient de la vitamine C 100% naturelle provenant de l&rsquo;ac\u00e9rola pour la production de collag\u00e8ne dans le corps.<\/p>\n","protected":false},"featured_media":1160465,"template":"","meta":{"_acf_changed":false,"om_disable_all_campaigns":false},"product_brand":[],"product_cat":[187,180],"product_tag":[],"class_list":{"0":"post-1188835","1":"product","2":"type-product","3":"status-publish","4":"has-post-thumbnail","6":"product_cat-collagene-plus","7":"product_cat-tous-les-produits","8":"sales-flash-overlay","9":"woocommerce-text-align-center","10":"woocommerce-image-align-center","11":"do-quantity-buttons","13":"first","14":"instock","15":"taxable","16":"shipping-taxable","17":"purchasable","18":"product-type-simple"},"acf":[],"yoast_head":"<!-- This site is optimized with the Yoast SEO plugin v27.2 - https:\/\/yoast.com\/product\/yoast-seo-wordpress\/ -->\n<title>Collagen Plus Vanille (kopie) (kopie) - Foodie<\/title>\n<meta name=\"description\" content=\"Collagen Plus est un produit con\u00e7u pour soutenir et faciliter un mode de vie sain (pauvre en glucides). Il fournit une \u00e9nergie instantan\u00e9e gr\u00e2ce aux acides gras MCT, contient des prot\u00e9ines de collag\u00e8ne de haute qualit\u00e9 pour la r\u00e9paration et la croissance musculaire, et contient de la vitamine C 100% naturelle provenant de l&#039;ac\u00e9rola pour la production de collag\u00e8ne dans le corps.\" \/>\n<meta name=\"robots\" content=\"index, follow, max-snippet:-1, max-image-preview:large, max-video-preview:-1\" \/>\n<link rel=\"canonical\" href=\"https:\/\/www.foodie.nl\/fr\/produit\/collagen-plus-vanille-kopie-kopie\/\" \/>\n<meta property=\"og:locale\" content=\"fr_FR\" \/>\n<meta property=\"og:type\" content=\"article\" \/>\n<meta property=\"og:title\" content=\"Collagen Plus Vanille (kopie) (kopie) - Foodie\" \/>\n<meta property=\"og:description\" content=\"Collagen Plus est un produit con\u00e7u pour soutenir et faciliter un mode de vie sain (pauvre en glucides). Il fournit une \u00e9nergie instantan\u00e9e gr\u00e2ce aux acides gras MCT, contient des prot\u00e9ines de collag\u00e8ne de haute qualit\u00e9 pour la r\u00e9paration et la croissance musculaire, et contient de la vitamine C 100% naturelle provenant de l&#039;ac\u00e9rola pour la production de collag\u00e8ne dans le corps.\" \/>\n<meta property=\"og:url\" content=\"https:\/\/www.foodie.nl\/fr\/produit\/collagen-plus-vanille-kopie-kopie\/\" \/>\n<meta property=\"og:site_name\" content=\"Foodie\" \/>\n<meta property=\"article:modified_time\" content=\"2026-02-23T14:12:45+00:00\" \/>\n<meta property=\"og:image\" content=\"https:\/\/www.foodie.nl\/app\/uploads\/2024\/04\/Collagen-Plus-Chocolade-1-pack-1024x1024.png\" \/>\n\t<meta property=\"og:image:width\" content=\"1024\" \/>\n\t<meta property=\"og:image:height\" content=\"1024\" \/>\n\t<meta property=\"og:image:type\" content=\"image\/png\" \/>\n<meta name=\"twitter:card\" content=\"summary_large_image\" \/>\n<meta name=\"twitter:label1\" content=\"Dur\u00e9e de lecture estim\u00e9e\" \/>\n\t<meta name=\"twitter:data1\" content=\"1 minute\" \/>\n<script type=\"application\/ld+json\" class=\"yoast-schema-graph\">{\"@context\":\"https:\/\/schema.org\",\"@graph\":[{\"@type\":\"WebPage\",\"@id\":\"https:\/\/www.foodie.nl\/fr\/produit\/collagen-plus-vanille-kopie-kopie\/\",\"url\":\"https:\/\/www.foodie.nl\/fr\/produit\/collagen-plus-vanille-kopie-kopie\/\",\"name\":\"Collagen Plus Vanille (kopie) (kopie) - Foodie\",\"isPartOf\":{\"@id\":\"https:\/\/www.foodie.nl\/fr\/#website\"},\"primaryImageOfPage\":{\"@id\":\"https:\/\/www.foodie.nl\/fr\/produit\/collagen-plus-vanille-kopie-kopie\/#primaryimage\"},\"image\":{\"@id\":\"https:\/\/www.foodie.nl\/fr\/produit\/collagen-plus-vanille-kopie-kopie\/#primaryimage\"},\"thumbnailUrl\":\"https:\/\/www.foodie.nl\/app\/uploads\/2024\/04\/Collagen-Plus-Chocolade-1-pack.png\",\"datePublished\":\"2026-02-23T14:12:07+00:00\",\"dateModified\":\"2026-02-23T14:12:45+00:00\",\"description\":\"Collagen Plus est un produit con\u00e7u pour soutenir et faciliter un mode de vie sain (pauvre en glucides). Il fournit une \u00e9nergie instantan\u00e9e gr\u00e2ce aux acides gras MCT, contient des prot\u00e9ines de collag\u00e8ne de haute qualit\u00e9 pour la r\u00e9paration et la croissance musculaire, et contient de la vitamine C 100% naturelle provenant de l'ac\u00e9rola pour la production de collag\u00e8ne dans le corps.\",\"breadcrumb\":{\"@id\":\"https:\/\/www.foodie.nl\/fr\/produit\/collagen-plus-vanille-kopie-kopie\/#breadcrumb\"},\"inLanguage\":\"fr-FR\",\"potentialAction\":[{\"@type\":\"ReadAction\",\"target\":[\"https:\/\/www.foodie.nl\/fr\/produit\/collagen-plus-vanille-kopie-kopie\/\"]}]},{\"@type\":\"ImageObject\",\"inLanguage\":\"fr-FR\",\"@id\":\"https:\/\/www.foodie.nl\/fr\/produit\/collagen-plus-vanille-kopie-kopie\/#primaryimage\",\"url\":\"https:\/\/www.foodie.nl\/app\/uploads\/2024\/04\/Collagen-Plus-Chocolade-1-pack.png\",\"contentUrl\":\"https:\/\/www.foodie.nl\/app\/uploads\/2024\/04\/Collagen-Plus-Chocolade-1-pack.png\",\"width\":2400,\"height\":2400},{\"@type\":\"BreadcrumbList\",\"@id\":\"https:\/\/www.foodie.nl\/fr\/produit\/collagen-plus-vanille-kopie-kopie\/#breadcrumb\",\"itemListElement\":[{\"@type\":\"ListItem\",\"position\":1,\"name\":\"Home\",\"item\":\"https:\/\/www.foodie.nl\/fr\/\"},{\"@type\":\"ListItem\",\"position\":2,\"name\":\"Produits\",\"item\":\"https:\/\/www.foodie.nl\/fr\/shop\/\"},{\"@type\":\"ListItem\",\"position\":3,\"name\":\"Collagen Plus Vanille (kopie) (kopie)\"}]},{\"@type\":\"WebSite\",\"@id\":\"https:\/\/www.foodie.nl\/fr\/#website\",\"url\":\"https:\/\/www.foodie.nl\/fr\/\",\"name\":\"Foodie\",\"description\":\"Elke Hap Telt\",\"publisher\":{\"@id\":\"https:\/\/www.foodie.nl\/fr\/#organization\"},\"potentialAction\":[{\"@type\":\"SearchAction\",\"target\":{\"@type\":\"EntryPoint\",\"urlTemplate\":\"https:\/\/www.foodie.nl\/fr\/?s={search_term_string}\"},\"query-input\":{\"@type\":\"PropertyValueSpecification\",\"valueRequired\":true,\"valueName\":\"search_term_string\"}}],\"inLanguage\":\"fr-FR\"},{\"@type\":\"Organization\",\"@id\":\"https:\/\/www.foodie.nl\/fr\/#organization\",\"name\":\"Foodie\",\"url\":\"https:\/\/www.foodie.nl\/fr\/\",\"logo\":{\"@type\":\"ImageObject\",\"inLanguage\":\"fr-FR\",\"@id\":\"https:\/\/www.foodie.nl\/fr\/#\/schema\/logo\/image\/\",\"url\":\"https:\/\/www.foodie.nl\/app\/uploads\/2025\/01\/logo-foodie-wide@2x.png\",\"contentUrl\":\"https:\/\/www.foodie.nl\/app\/uploads\/2025\/01\/logo-foodie-wide@2x.png\",\"width\":236,\"height\":128,\"caption\":\"Foodie\"},\"image\":{\"@id\":\"https:\/\/www.foodie.nl\/fr\/#\/schema\/logo\/image\/\"}}]}<\/script>\n<!-- \/ Yoast SEO plugin. -->","yoast_head_json":{"title":"Collagen Plus Vanille (kopie) (kopie) - Foodie","description":"Collagen Plus est un produit con\u00e7u pour soutenir et faciliter un mode de vie sain (pauvre en glucides). Il fournit une \u00e9nergie instantan\u00e9e gr\u00e2ce aux acides gras MCT, contient des prot\u00e9ines de collag\u00e8ne de haute qualit\u00e9 pour la r\u00e9paration et la croissance musculaire, et contient de la vitamine C 100% naturelle provenant de l'ac\u00e9rola pour la production de collag\u00e8ne dans le corps.","robots":{"index":"index","follow":"follow","max-snippet":"max-snippet:-1","max-image-preview":"max-image-preview:large","max-video-preview":"max-video-preview:-1"},"canonical":"https:\/\/www.foodie.nl\/fr\/produit\/collagen-plus-vanille-kopie-kopie\/","og_locale":"fr_FR","og_type":"article","og_title":"Collagen Plus Vanille (kopie) (kopie) - Foodie","og_description":"Collagen Plus est un produit con\u00e7u pour soutenir et faciliter un mode de vie sain (pauvre en glucides). Il fournit une \u00e9nergie instantan\u00e9e gr\u00e2ce aux acides gras MCT, contient des prot\u00e9ines de collag\u00e8ne de haute qualit\u00e9 pour la r\u00e9paration et la croissance musculaire, et contient de la vitamine C 100% naturelle provenant de l'ac\u00e9rola pour la production de collag\u00e8ne dans le corps.","og_url":"https:\/\/www.foodie.nl\/fr\/produit\/collagen-plus-vanille-kopie-kopie\/","og_site_name":"Foodie","article_modified_time":"2026-02-23T14:12:45+00:00","og_image":[{"width":1024,"height":1024,"url":"https:\/\/www.foodie.nl\/app\/uploads\/2024\/04\/Collagen-Plus-Chocolade-1-pack-1024x1024.png","type":"image\/png"}],"twitter_card":"summary_large_image","twitter_misc":{"Dur\u00e9e de lecture estim\u00e9e":"1 minute"},"schema":{"@context":"https:\/\/schema.org","@graph":[{"@type":"WebPage","@id":"https:\/\/www.foodie.nl\/fr\/produit\/collagen-plus-vanille-kopie-kopie\/","url":"https:\/\/www.foodie.nl\/fr\/produit\/collagen-plus-vanille-kopie-kopie\/","name":"Collagen Plus Vanille (kopie) (kopie) - Foodie","isPartOf":{"@id":"https:\/\/www.foodie.nl\/fr\/#website"},"primaryImageOfPage":{"@id":"https:\/\/www.foodie.nl\/fr\/produit\/collagen-plus-vanille-kopie-kopie\/#primaryimage"},"image":{"@id":"https:\/\/www.foodie.nl\/fr\/produit\/collagen-plus-vanille-kopie-kopie\/#primaryimage"},"thumbnailUrl":"https:\/\/www.foodie.nl\/app\/uploads\/2024\/04\/Collagen-Plus-Chocolade-1-pack.png","datePublished":"2026-02-23T14:12:07+00:00","dateModified":"2026-02-23T14:12:45+00:00","description":"Collagen Plus est un produit con\u00e7u pour soutenir et faciliter un mode de vie sain (pauvre en glucides). Il fournit une \u00e9nergie instantan\u00e9e gr\u00e2ce aux acides gras MCT, contient des prot\u00e9ines de collag\u00e8ne de haute qualit\u00e9 pour la r\u00e9paration et la croissance musculaire, et contient de la vitamine C 100% naturelle provenant de l'ac\u00e9rola pour la production de collag\u00e8ne dans le corps.","breadcrumb":{"@id":"https:\/\/www.foodie.nl\/fr\/produit\/collagen-plus-vanille-kopie-kopie\/#breadcrumb"},"inLanguage":"fr-FR","potentialAction":[{"@type":"ReadAction","target":["https:\/\/www.foodie.nl\/fr\/produit\/collagen-plus-vanille-kopie-kopie\/"]}]},{"@type":"ImageObject","inLanguage":"fr-FR","@id":"https:\/\/www.foodie.nl\/fr\/produit\/collagen-plus-vanille-kopie-kopie\/#primaryimage","url":"https:\/\/www.foodie.nl\/app\/uploads\/2024\/04\/Collagen-Plus-Chocolade-1-pack.png","contentUrl":"https:\/\/www.foodie.nl\/app\/uploads\/2024\/04\/Collagen-Plus-Chocolade-1-pack.png","width":2400,"height":2400},{"@type":"BreadcrumbList","@id":"https:\/\/www.foodie.nl\/fr\/produit\/collagen-plus-vanille-kopie-kopie\/#breadcrumb","itemListElement":[{"@type":"ListItem","position":1,"name":"Home","item":"https:\/\/www.foodie.nl\/fr\/"},{"@type":"ListItem","position":2,"name":"Produits","item":"https:\/\/www.foodie.nl\/fr\/shop\/"},{"@type":"ListItem","position":3,"name":"Collagen Plus Vanille (kopie) (kopie)"}]},{"@type":"WebSite","@id":"https:\/\/www.foodie.nl\/fr\/#website","url":"https:\/\/www.foodie.nl\/fr\/","name":"Foodie","description":"Elke Hap Telt","publisher":{"@id":"https:\/\/www.foodie.nl\/fr\/#organization"},"potentialAction":[{"@type":"SearchAction","target":{"@type":"EntryPoint","urlTemplate":"https:\/\/www.foodie.nl\/fr\/?s={search_term_string}"},"query-input":{"@type":"PropertyValueSpecification","valueRequired":true,"valueName":"search_term_string"}}],"inLanguage":"fr-FR"},{"@type":"Organization","@id":"https:\/\/www.foodie.nl\/fr\/#organization","name":"Foodie","url":"https:\/\/www.foodie.nl\/fr\/","logo":{"@type":"ImageObject","inLanguage":"fr-FR","@id":"https:\/\/www.foodie.nl\/fr\/#\/schema\/logo\/image\/","url":"https:\/\/www.foodie.nl\/app\/uploads\/2025\/01\/logo-foodie-wide@2x.png","contentUrl":"https:\/\/www.foodie.nl\/app\/uploads\/2025\/01\/logo-foodie-wide@2x.png","width":236,"height":128,"caption":"Foodie"},"image":{"@id":"https:\/\/www.foodie.nl\/fr\/#\/schema\/logo\/image\/"}}]}},"_links":{"self":[{"href":"https:\/\/www.foodie.nl\/fr\/wp-json\/wp\/v2\/product\/1188835","targetHints":{"allow":["GET"]}}],"collection":[{"href":"https:\/\/www.foodie.nl\/fr\/wp-json\/wp\/v2\/product"}],"about":[{"href":"https:\/\/www.foodie.nl\/fr\/wp-json\/wp\/v2\/types\/product"}],"wp:featuredmedia":[{"embeddable":true,"href":"https:\/\/www.foodie.nl\/fr\/wp-json\/wp\/v2\/media\/1160465"}],"wp:attachment":[{"href":"https:\/\/www.foodie.nl\/fr\/wp-json\/wp\/v2\/media?parent=1188835"}],"wp:term":[{"taxonomy":"product_brand","embeddable":true,"href":"https:\/\/www.foodie.nl\/fr\/wp-json\/wp\/v2\/product_brand?post=1188835"},{"taxonomy":"product_cat","embeddable":true,"href":"https:\/\/www.foodie.nl\/fr\/wp-json\/wp\/v2\/product_cat?post=1188835"},{"taxonomy":"product_tag","embeddable":true,"href":"https:\/\/www.foodie.nl\/fr\/wp-json\/wp\/v2\/product_tag?post=1188835"}],"curies":[{"name":"wp","href":"https:\/\/api.w.org\/{rel}","templated":true}]}}