{"id":1188857,"date":"2026-02-23T15:47:41","date_gmt":"2026-02-23T14:47:41","guid":{"rendered":"https:\/\/www.foodie.nl\/?post_type=product&#038;p=1188857"},"modified":"2026-02-23T15:50:24","modified_gmt":"2026-02-23T14:50:24","slug":"ultimate-apple-cider-vinegar-kopie","status":"publish","type":"product","link":"https:\/\/www.foodie.nl\/fr\/produit\/ultimate-apple-cider-vinegar-kopie\/","title":{"rendered":"Ultimate Apple Cider Vinegar (kopie)"},"content":{"rendered":"<p data-start=\"52\" data-end=\"104\"><strong data-start=\"52\" data-end=\"102\">Valeur nutritionnelle moyenne par 2 capsules:<\/strong><\/p>\n<ul data-start=\"106\" data-end=\"252\">\n<li data-start=\"106\" data-end=\"146\">\n<p data-start=\"108\" data-end=\"146\">Vinaigre de cidre de pomme: 1000 mg<\/p>\n<\/li>\n<li data-start=\"147\" data-end=\"178\">\n<p data-start=\"149\" data-end=\"178\">Cannelle de Ceylan: 100 mg<\/p>\n<\/li>\n<li data-start=\"179\" data-end=\"200\">\n<p data-start=\"181\" data-end=\"200\">Gingembre: 50 mg<\/p>\n<\/li>\n<li data-start=\"201\" data-end=\"230\">\n<p data-start=\"203\" data-end=\"230\">Poivre de Cayenne: 10 mg<\/p>\n<\/li>\n<li data-start=\"231\" data-end=\"252\">\n<p data-start=\"233\" data-end=\"252\">Bioperine\u00ae: 5 mg<\/p>\n<\/li>\n<\/ul>\n<p data-start=\"254\" data-end=\"401\"><strong data-start=\"254\" data-end=\"278\">Autres ingr\u00e9dients:<\/strong><br data-start=\"278\" data-end=\"281\" \/>Cellulose (capsule v\u00e9g\u00e9tale), poudre d\u2019amidon de riz, st\u00e9arate de magn\u00e9sium et dioxyde de silicium (anti-agglom\u00e9rant).<\/p>\n<p data-start=\"403\" data-end=\"527\"><strong data-start=\"403\" data-end=\"431\">Posologie:<\/strong><br data-start=\"431\" data-end=\"434\" \/>Prendre une capsule de Ultimate Apple Cider Vinegar deux fois par jour, au cours d\u2019un repas.<\/p>\n<p data-start=\"529\" data-end=\"633\"><strong data-start=\"529\" data-end=\"559\">Conservation:<\/strong><br data-start=\"559\" data-end=\"562\" \/>Conserver dans un endroit frais et sec, dans un emballage bien ferm\u00e9.<\/p>\n<p data-start=\"635\" data-end=\"963\"><strong data-start=\"635\" data-end=\"654\">Avertissement:<\/strong><br data-start=\"654\" data-end=\"657\" \/>Les personnes souffrant d\u2019une affection m\u00e9dicale doivent toujours consulter un professionnel de sant\u00e9 avant d\u2019utiliser ce compl\u00e9ment ou tout autre compl\u00e9ment alimentaire. Consultez votre professionnel de sant\u00e9 en cas de grossesse, de d\u00e9sir de grossesse ou d\u2019allaitement. Tenir hors de port\u00e9e des enfants.<\/p>\n<p data-start=\"965\" data-end=\"1222\"><strong data-start=\"965\" data-end=\"979\">Remarque:<\/strong><br data-start=\"979\" data-end=\"982\" \/>Ce produit n\u2019est pas un m\u00e9dicament et n\u2019est pas destin\u00e9 \u00e0 diagnostiquer, pr\u00e9venir, traiter ou gu\u00e9rir une maladie ou une affection. Un compl\u00e9ment alimentaire ne doit pas \u00eatre utilis\u00e9 comme substitut \u00e0 une alimentation vari\u00e9e et \u00e9quilibr\u00e9e.<\/p>\n","protected":false},"excerpt":{"rendered":"<p data-start=\"52\" data-end=\"310\">Ultimate Apple Cider Vinegar offre une formule avanc\u00e9e qui combine les bienfaits du vinaigre de cidre de pomme avec des ingr\u00e9dients naturels soigneusement s\u00e9lectionn\u00e9s tels que la cannelle de Ceylan, le gingembre, le poivre de Cayenne et la Bioperine\u00ae.<\/p>\n<p data-start=\"312\" data-end=\"654\">Cette composition unique est con\u00e7ue pour soutenir votre sant\u00e9 \u00e0 plusieurs niveaux, de la digestion et du m\u00e9tabolisme \u00e0 la gestion du poids et \u00e0 la r\u00e9gulation de la glyc\u00e9mie. De plus, vous profitez de tous les avantages du vinaigre de cidre de pomme sous une forme pratique de capsules, sans le go\u00fbt acide ni les dommages \u00e0 l\u2019\u00e9mail dentaire.<\/p>\n<p data-start=\"656\" data-end=\"882\">Ce m\u00e9lange unique de vinaigre de cidre de pomme et d\u2019\u00e9pices puissantes offre un soutien complet pour la gestion du poids, la digestion et l\u2019\u00e9quilibre de la glyc\u00e9mie, et constitue un compl\u00e9ment efficace \u00e0 un mode de vie sain.<\/p>\n<p data-start=\"884\" data-end=\"951\"><strong>Un emballage de Ultimate Apple Cider Vinegar contient 60 capsules.<\/strong><\/p>\n","protected":false},"featured_media":1182066,"template":"","meta":{"_acf_changed":false,"om_disable_all_campaigns":false},"product_brand":[],"product_cat":[181,180,185],"product_tag":[],"class_list":{"0":"post-1188857","1":"product","2":"type-product","3":"status-publish","4":"has-post-thumbnail","6":"product_cat-bestsellers-fr","7":"product_cat-tous-les-produits","8":"product_cat-ultimate-apple-cider-vinegar","9":"sales-flash-overlay","10":"woocommerce-text-align-center","11":"woocommerce-image-align-center","12":"do-quantity-buttons","14":"first","15":"instock","16":"taxable","17":"shipping-taxable","18":"purchasable","19":"product-type-simple"},"acf":[],"yoast_head":"<!-- This site is optimized with the Yoast SEO plugin v27.2 - https:\/\/yoast.com\/product\/yoast-seo-wordpress\/ -->\n<title>Ultimate Apple Cider Vinegar (kopie) - Foodie<\/title>\n<meta name=\"description\" content=\"Ultimate Apple Cider Vinegar offre une formule avanc\u00e9e qui combine les bienfaits du vinaigre de cidre de pomme avec des ingr\u00e9dients naturels soigneusement s\u00e9lectionn\u00e9s tels que la cannelle de Ceylan, le gingembre, le poivre de Cayenne et la Bioperine\u00ae. Cette composition unique est con\u00e7ue pour soutenir votre sant\u00e9 \u00e0 plusieurs niveaux, de la digestion et du m\u00e9tabolisme \u00e0 la gestion du poids et \u00e0 la r\u00e9gulation de la glyc\u00e9mie. De plus, vous profitez de tous les avantages du vinaigre de cidre de pomme sous une forme pratique de capsules, sans le go\u00fbt acide ni les dommages \u00e0 l\u2019\u00e9mail dentaire. Ce m\u00e9lange unique de vinaigre de cidre de pomme et d\u2019\u00e9pices puissantes offre un soutien complet pour la gestion du poids, la digestion et l\u2019\u00e9quilibre de la glyc\u00e9mie, et constitue un compl\u00e9ment efficace \u00e0 un mode de vie sain. Un emballage de Ultimate Apple Cider Vinegar contient 60 capsules.\" \/>\n<meta name=\"robots\" content=\"index, follow, max-snippet:-1, max-image-preview:large, max-video-preview:-1\" \/>\n<link rel=\"canonical\" href=\"https:\/\/www.foodie.nl\/fr\/produit\/ultimate-apple-cider-vinegar-kopie\/\" \/>\n<meta property=\"og:locale\" content=\"fr_FR\" \/>\n<meta property=\"og:type\" content=\"article\" \/>\n<meta property=\"og:title\" content=\"Ultimate Apple Cider Vinegar (kopie) - Foodie\" \/>\n<meta property=\"og:description\" content=\"Ultimate Apple Cider Vinegar offre une formule avanc\u00e9e qui combine les bienfaits du vinaigre de cidre de pomme avec des ingr\u00e9dients naturels soigneusement s\u00e9lectionn\u00e9s tels que la cannelle de Ceylan, le gingembre, le poivre de Cayenne et la Bioperine\u00ae. Cette composition unique est con\u00e7ue pour soutenir votre sant\u00e9 \u00e0 plusieurs niveaux, de la digestion et du m\u00e9tabolisme \u00e0 la gestion du poids et \u00e0 la r\u00e9gulation de la glyc\u00e9mie. De plus, vous profitez de tous les avantages du vinaigre de cidre de pomme sous une forme pratique de capsules, sans le go\u00fbt acide ni les dommages \u00e0 l\u2019\u00e9mail dentaire. Ce m\u00e9lange unique de vinaigre de cidre de pomme et d\u2019\u00e9pices puissantes offre un soutien complet pour la gestion du poids, la digestion et l\u2019\u00e9quilibre de la glyc\u00e9mie, et constitue un compl\u00e9ment efficace \u00e0 un mode de vie sain. Un emballage de Ultimate Apple Cider Vinegar contient 60 capsules.\" \/>\n<meta property=\"og:url\" content=\"https:\/\/www.foodie.nl\/fr\/produit\/ultimate-apple-cider-vinegar-kopie\/\" \/>\n<meta property=\"og:site_name\" content=\"Foodie\" \/>\n<meta property=\"article:modified_time\" content=\"2026-02-23T14:50:24+00:00\" \/>\n<meta property=\"og:image\" content=\"https:\/\/www.foodie.nl\/app\/uploads\/2025\/12\/Ultimate-Apple-Cider-Vinegar-1-pack.png\" \/>\n\t<meta property=\"og:image:width\" content=\"2400\" \/>\n\t<meta property=\"og:image:height\" content=\"2400\" \/>\n\t<meta property=\"og:image:type\" content=\"image\/png\" \/>\n<meta name=\"twitter:card\" content=\"summary_large_image\" \/>\n<meta name=\"twitter:label1\" content=\"Dur\u00e9e de lecture estim\u00e9e\" \/>\n\t<meta name=\"twitter:data1\" content=\"1 minute\" \/>\n<script type=\"application\/ld+json\" class=\"yoast-schema-graph\">{\"@context\":\"https:\/\/schema.org\",\"@graph\":[{\"@type\":\"WebPage\",\"@id\":\"https:\/\/www.foodie.nl\/fr\/produit\/ultimate-apple-cider-vinegar-kopie\/\",\"url\":\"https:\/\/www.foodie.nl\/fr\/produit\/ultimate-apple-cider-vinegar-kopie\/\",\"name\":\"Ultimate Apple Cider Vinegar (kopie) - Foodie\",\"isPartOf\":{\"@id\":\"https:\/\/www.foodie.nl\/fr\/#website\"},\"primaryImageOfPage\":{\"@id\":\"https:\/\/www.foodie.nl\/fr\/produit\/ultimate-apple-cider-vinegar-kopie\/#primaryimage\"},\"image\":{\"@id\":\"https:\/\/www.foodie.nl\/fr\/produit\/ultimate-apple-cider-vinegar-kopie\/#primaryimage\"},\"thumbnailUrl\":\"https:\/\/www.foodie.nl\/app\/uploads\/2025\/12\/Ultimate-Apple-Cider-Vinegar-1-pack.png\",\"datePublished\":\"2026-02-23T14:47:41+00:00\",\"dateModified\":\"2026-02-23T14:50:24+00:00\",\"description\":\"Ultimate Apple Cider Vinegar offre une formule avanc\u00e9e qui combine les bienfaits du vinaigre de cidre de pomme avec des ingr\u00e9dients naturels soigneusement s\u00e9lectionn\u00e9s tels que la cannelle de Ceylan, le gingembre, le poivre de Cayenne et la Bioperine\u00ae. Cette composition unique est con\u00e7ue pour soutenir votre sant\u00e9 \u00e0 plusieurs niveaux, de la digestion et du m\u00e9tabolisme \u00e0 la gestion du poids et \u00e0 la r\u00e9gulation de la glyc\u00e9mie. De plus, vous profitez de tous les avantages du vinaigre de cidre de pomme sous une forme pratique de capsules, sans le go\u00fbt acide ni les dommages \u00e0 l\u2019\u00e9mail dentaire. Ce m\u00e9lange unique de vinaigre de cidre de pomme et d\u2019\u00e9pices puissantes offre un soutien complet pour la gestion du poids, la digestion et l\u2019\u00e9quilibre de la glyc\u00e9mie, et constitue un compl\u00e9ment efficace \u00e0 un mode de vie sain. Un emballage de Ultimate Apple Cider Vinegar contient 60 capsules.\",\"breadcrumb\":{\"@id\":\"https:\/\/www.foodie.nl\/fr\/produit\/ultimate-apple-cider-vinegar-kopie\/#breadcrumb\"},\"inLanguage\":\"fr-FR\",\"potentialAction\":[{\"@type\":\"ReadAction\",\"target\":[\"https:\/\/www.foodie.nl\/fr\/produit\/ultimate-apple-cider-vinegar-kopie\/\"]}]},{\"@type\":\"ImageObject\",\"inLanguage\":\"fr-FR\",\"@id\":\"https:\/\/www.foodie.nl\/fr\/produit\/ultimate-apple-cider-vinegar-kopie\/#primaryimage\",\"url\":\"https:\/\/www.foodie.nl\/app\/uploads\/2025\/12\/Ultimate-Apple-Cider-Vinegar-1-pack.png\",\"contentUrl\":\"https:\/\/www.foodie.nl\/app\/uploads\/2025\/12\/Ultimate-Apple-Cider-Vinegar-1-pack.png\",\"width\":2400,\"height\":2400},{\"@type\":\"BreadcrumbList\",\"@id\":\"https:\/\/www.foodie.nl\/fr\/produit\/ultimate-apple-cider-vinegar-kopie\/#breadcrumb\",\"itemListElement\":[{\"@type\":\"ListItem\",\"position\":1,\"name\":\"Home\",\"item\":\"https:\/\/www.foodie.nl\/fr\/\"},{\"@type\":\"ListItem\",\"position\":2,\"name\":\"Produits\",\"item\":\"https:\/\/www.foodie.nl\/fr\/shop\/\"},{\"@type\":\"ListItem\",\"position\":3,\"name\":\"Ultimate Apple Cider Vinegar (kopie)\"}]},{\"@type\":\"WebSite\",\"@id\":\"https:\/\/www.foodie.nl\/fr\/#website\",\"url\":\"https:\/\/www.foodie.nl\/fr\/\",\"name\":\"Foodie\",\"description\":\"Elke Hap Telt\",\"publisher\":{\"@id\":\"https:\/\/www.foodie.nl\/fr\/#organization\"},\"potentialAction\":[{\"@type\":\"SearchAction\",\"target\":{\"@type\":\"EntryPoint\",\"urlTemplate\":\"https:\/\/www.foodie.nl\/fr\/?s={search_term_string}\"},\"query-input\":{\"@type\":\"PropertyValueSpecification\",\"valueRequired\":true,\"valueName\":\"search_term_string\"}}],\"inLanguage\":\"fr-FR\"},{\"@type\":\"Organization\",\"@id\":\"https:\/\/www.foodie.nl\/fr\/#organization\",\"name\":\"Foodie\",\"url\":\"https:\/\/www.foodie.nl\/fr\/\",\"logo\":{\"@type\":\"ImageObject\",\"inLanguage\":\"fr-FR\",\"@id\":\"https:\/\/www.foodie.nl\/fr\/#\/schema\/logo\/image\/\",\"url\":\"https:\/\/www.foodie.nl\/app\/uploads\/2025\/01\/logo-foodie-wide@2x.png\",\"contentUrl\":\"https:\/\/www.foodie.nl\/app\/uploads\/2025\/01\/logo-foodie-wide@2x.png\",\"width\":236,\"height\":128,\"caption\":\"Foodie\"},\"image\":{\"@id\":\"https:\/\/www.foodie.nl\/fr\/#\/schema\/logo\/image\/\"}}]}<\/script>\n<!-- \/ Yoast SEO plugin. -->","yoast_head_json":{"title":"Ultimate Apple Cider Vinegar (kopie) - Foodie","description":"Ultimate Apple Cider Vinegar offre une formule avanc\u00e9e qui combine les bienfaits du vinaigre de cidre de pomme avec des ingr\u00e9dients naturels soigneusement s\u00e9lectionn\u00e9s tels que la cannelle de Ceylan, le gingembre, le poivre de Cayenne et la Bioperine\u00ae. Cette composition unique est con\u00e7ue pour soutenir votre sant\u00e9 \u00e0 plusieurs niveaux, de la digestion et du m\u00e9tabolisme \u00e0 la gestion du poids et \u00e0 la r\u00e9gulation de la glyc\u00e9mie. De plus, vous profitez de tous les avantages du vinaigre de cidre de pomme sous une forme pratique de capsules, sans le go\u00fbt acide ni les dommages \u00e0 l\u2019\u00e9mail dentaire. Ce m\u00e9lange unique de vinaigre de cidre de pomme et d\u2019\u00e9pices puissantes offre un soutien complet pour la gestion du poids, la digestion et l\u2019\u00e9quilibre de la glyc\u00e9mie, et constitue un compl\u00e9ment efficace \u00e0 un mode de vie sain. Un emballage de Ultimate Apple Cider Vinegar contient 60 capsules.","robots":{"index":"index","follow":"follow","max-snippet":"max-snippet:-1","max-image-preview":"max-image-preview:large","max-video-preview":"max-video-preview:-1"},"canonical":"https:\/\/www.foodie.nl\/fr\/produit\/ultimate-apple-cider-vinegar-kopie\/","og_locale":"fr_FR","og_type":"article","og_title":"Ultimate Apple Cider Vinegar (kopie) - Foodie","og_description":"Ultimate Apple Cider Vinegar offre une formule avanc\u00e9e qui combine les bienfaits du vinaigre de cidre de pomme avec des ingr\u00e9dients naturels soigneusement s\u00e9lectionn\u00e9s tels que la cannelle de Ceylan, le gingembre, le poivre de Cayenne et la Bioperine\u00ae. Cette composition unique est con\u00e7ue pour soutenir votre sant\u00e9 \u00e0 plusieurs niveaux, de la digestion et du m\u00e9tabolisme \u00e0 la gestion du poids et \u00e0 la r\u00e9gulation de la glyc\u00e9mie. De plus, vous profitez de tous les avantages du vinaigre de cidre de pomme sous une forme pratique de capsules, sans le go\u00fbt acide ni les dommages \u00e0 l\u2019\u00e9mail dentaire. Ce m\u00e9lange unique de vinaigre de cidre de pomme et d\u2019\u00e9pices puissantes offre un soutien complet pour la gestion du poids, la digestion et l\u2019\u00e9quilibre de la glyc\u00e9mie, et constitue un compl\u00e9ment efficace \u00e0 un mode de vie sain. Un emballage de Ultimate Apple Cider Vinegar contient 60 capsules.","og_url":"https:\/\/www.foodie.nl\/fr\/produit\/ultimate-apple-cider-vinegar-kopie\/","og_site_name":"Foodie","article_modified_time":"2026-02-23T14:50:24+00:00","og_image":[{"width":2400,"height":2400,"url":"https:\/\/www.foodie.nl\/app\/uploads\/2025\/12\/Ultimate-Apple-Cider-Vinegar-1-pack.png","type":"image\/png"}],"twitter_card":"summary_large_image","twitter_misc":{"Dur\u00e9e de lecture estim\u00e9e":"1 minute"},"schema":{"@context":"https:\/\/schema.org","@graph":[{"@type":"WebPage","@id":"https:\/\/www.foodie.nl\/fr\/produit\/ultimate-apple-cider-vinegar-kopie\/","url":"https:\/\/www.foodie.nl\/fr\/produit\/ultimate-apple-cider-vinegar-kopie\/","name":"Ultimate Apple Cider Vinegar (kopie) - Foodie","isPartOf":{"@id":"https:\/\/www.foodie.nl\/fr\/#website"},"primaryImageOfPage":{"@id":"https:\/\/www.foodie.nl\/fr\/produit\/ultimate-apple-cider-vinegar-kopie\/#primaryimage"},"image":{"@id":"https:\/\/www.foodie.nl\/fr\/produit\/ultimate-apple-cider-vinegar-kopie\/#primaryimage"},"thumbnailUrl":"https:\/\/www.foodie.nl\/app\/uploads\/2025\/12\/Ultimate-Apple-Cider-Vinegar-1-pack.png","datePublished":"2026-02-23T14:47:41+00:00","dateModified":"2026-02-23T14:50:24+00:00","description":"Ultimate Apple Cider Vinegar offre une formule avanc\u00e9e qui combine les bienfaits du vinaigre de cidre de pomme avec des ingr\u00e9dients naturels soigneusement s\u00e9lectionn\u00e9s tels que la cannelle de Ceylan, le gingembre, le poivre de Cayenne et la Bioperine\u00ae. Cette composition unique est con\u00e7ue pour soutenir votre sant\u00e9 \u00e0 plusieurs niveaux, de la digestion et du m\u00e9tabolisme \u00e0 la gestion du poids et \u00e0 la r\u00e9gulation de la glyc\u00e9mie. De plus, vous profitez de tous les avantages du vinaigre de cidre de pomme sous une forme pratique de capsules, sans le go\u00fbt acide ni les dommages \u00e0 l\u2019\u00e9mail dentaire. Ce m\u00e9lange unique de vinaigre de cidre de pomme et d\u2019\u00e9pices puissantes offre un soutien complet pour la gestion du poids, la digestion et l\u2019\u00e9quilibre de la glyc\u00e9mie, et constitue un compl\u00e9ment efficace \u00e0 un mode de vie sain. Un emballage de Ultimate Apple Cider Vinegar contient 60 capsules.","breadcrumb":{"@id":"https:\/\/www.foodie.nl\/fr\/produit\/ultimate-apple-cider-vinegar-kopie\/#breadcrumb"},"inLanguage":"fr-FR","potentialAction":[{"@type":"ReadAction","target":["https:\/\/www.foodie.nl\/fr\/produit\/ultimate-apple-cider-vinegar-kopie\/"]}]},{"@type":"ImageObject","inLanguage":"fr-FR","@id":"https:\/\/www.foodie.nl\/fr\/produit\/ultimate-apple-cider-vinegar-kopie\/#primaryimage","url":"https:\/\/www.foodie.nl\/app\/uploads\/2025\/12\/Ultimate-Apple-Cider-Vinegar-1-pack.png","contentUrl":"https:\/\/www.foodie.nl\/app\/uploads\/2025\/12\/Ultimate-Apple-Cider-Vinegar-1-pack.png","width":2400,"height":2400},{"@type":"BreadcrumbList","@id":"https:\/\/www.foodie.nl\/fr\/produit\/ultimate-apple-cider-vinegar-kopie\/#breadcrumb","itemListElement":[{"@type":"ListItem","position":1,"name":"Home","item":"https:\/\/www.foodie.nl\/fr\/"},{"@type":"ListItem","position":2,"name":"Produits","item":"https:\/\/www.foodie.nl\/fr\/shop\/"},{"@type":"ListItem","position":3,"name":"Ultimate Apple Cider Vinegar (kopie)"}]},{"@type":"WebSite","@id":"https:\/\/www.foodie.nl\/fr\/#website","url":"https:\/\/www.foodie.nl\/fr\/","name":"Foodie","description":"Elke Hap Telt","publisher":{"@id":"https:\/\/www.foodie.nl\/fr\/#organization"},"potentialAction":[{"@type":"SearchAction","target":{"@type":"EntryPoint","urlTemplate":"https:\/\/www.foodie.nl\/fr\/?s={search_term_string}"},"query-input":{"@type":"PropertyValueSpecification","valueRequired":true,"valueName":"search_term_string"}}],"inLanguage":"fr-FR"},{"@type":"Organization","@id":"https:\/\/www.foodie.nl\/fr\/#organization","name":"Foodie","url":"https:\/\/www.foodie.nl\/fr\/","logo":{"@type":"ImageObject","inLanguage":"fr-FR","@id":"https:\/\/www.foodie.nl\/fr\/#\/schema\/logo\/image\/","url":"https:\/\/www.foodie.nl\/app\/uploads\/2025\/01\/logo-foodie-wide@2x.png","contentUrl":"https:\/\/www.foodie.nl\/app\/uploads\/2025\/01\/logo-foodie-wide@2x.png","width":236,"height":128,"caption":"Foodie"},"image":{"@id":"https:\/\/www.foodie.nl\/fr\/#\/schema\/logo\/image\/"}}]}},"_links":{"self":[{"href":"https:\/\/www.foodie.nl\/fr\/wp-json\/wp\/v2\/product\/1188857","targetHints":{"allow":["GET"]}}],"collection":[{"href":"https:\/\/www.foodie.nl\/fr\/wp-json\/wp\/v2\/product"}],"about":[{"href":"https:\/\/www.foodie.nl\/fr\/wp-json\/wp\/v2\/types\/product"}],"wp:featuredmedia":[{"embeddable":true,"href":"https:\/\/www.foodie.nl\/fr\/wp-json\/wp\/v2\/media\/1182066"}],"wp:attachment":[{"href":"https:\/\/www.foodie.nl\/fr\/wp-json\/wp\/v2\/media?parent=1188857"}],"wp:term":[{"taxonomy":"product_brand","embeddable":true,"href":"https:\/\/www.foodie.nl\/fr\/wp-json\/wp\/v2\/product_brand?post=1188857"},{"taxonomy":"product_cat","embeddable":true,"href":"https:\/\/www.foodie.nl\/fr\/wp-json\/wp\/v2\/product_cat?post=1188857"},{"taxonomy":"product_tag","embeddable":true,"href":"https:\/\/www.foodie.nl\/fr\/wp-json\/wp\/v2\/product_tag?post=1188857"}],"curies":[{"name":"wp","href":"https:\/\/api.w.org\/{rel}","templated":true}]}}